{"id":1567,"date":"2025-10-20T18:43:30","date_gmt":"2025-10-20T18:43:30","guid":{"rendered":"https:\/\/linahuertaspsicologa.com\/?page_id=1567"},"modified":"2026-01-21T17:40:07","modified_gmt":"2026-01-21T17:40:07","slug":"support-for-foreign-nationals-and-migration-processes","status":"publish","type":"page","link":"https:\/\/linahuertaspsicologa.com\/en\/services\/support-for-foreign-nationals-and-migration-processes\/","title":{"rendered":"Support for foreign nationals and migration processes"},"content":{"rendered":"<div data-elementor-type=\"wp-page\" data-elementor-id=\"1567\" class=\"elementor elementor-1567\" data-elementor-post-type=\"page\">\n\t\t\t\t\t\t<section class=\"elementor-section elementor-top-section elementor-element elementor-element-03dde9d qodef-elementor-content-grid elementor-section-boxed elementor-section-height-default elementor-section-height-default\" data-id=\"03dde9d\" data-element_type=\"section\" data-e-type=\"section\">\n\t\t\t\t\t\t<div class=\"elementor-container elementor-column-gap-default\">\n\t\t\t\t\t<div class=\"elementor-column elementor-col-100 elementor-top-column elementor-element elementor-element-69efc12\" data-id=\"69efc12\" data-element_type=\"column\" data-e-type=\"column\">\n\t\t\t<div class=\"elementor-widget-wrap elementor-element-populated\">\n\t\t\t\t\t\t<div class=\"elementor-element elementor-element-e7d7fd5 vozEnOff animated-slow elementor-invisible elementor-widget elementor-widget-qi_addons_for_elementor_section_title\" data-id=\"e7d7fd5\" data-element_type=\"widget\" data-e-type=\"widget\" data-settings=\"{&quot;_animation&quot;:&quot;fadeIn&quot;}\" data-widget_type=\"qi_addons_for_elementor_section_title.default\">\n\t\t\t\t<div class=\"elementor-widget-container\">\n\t\t\t\t\t<div class=\"qodef-shortcode qodef-m qodef-qi-section-title qodef-decoration--italic qodef-link--underline-draw qodef-subtitle-icon--left\">\n\t\t\t\t\t\t<h4 class=\"qodef-m-title\">\n\t\t\u201cI support people living between different cultures, expatriates, aid workers, and their families. If needed, I offer support in English.\u201d\t<\/h4>\n\t\t\t<\/div>\n\t\t\t\t<\/div>\n\t\t\t\t<\/div>\n\t\t\t\t\t<\/div>\n\t\t<\/div>\n\t\t\t\t\t<\/div>\n\t\t<\/section>\n\t\t\t\t<section class=\"elementor-section elementor-top-section elementor-element elementor-element-b2eb291 qodef-elementor-content-grid elementor-section-boxed elementor-section-height-default elementor-section-height-default\" data-id=\"b2eb291\" data-element_type=\"section\" data-e-type=\"section\">\n\t\t\t\t\t\t<div class=\"elementor-container elementor-column-gap-default\">\n\t\t\t\t\t<div class=\"elementor-column elementor-col-100 elementor-top-column elementor-element elementor-element-7282093\" data-id=\"7282093\" data-element_type=\"column\" data-e-type=\"column\">\n\t\t\t<div class=\"elementor-widget-wrap elementor-element-populated\">\n\t\t\t\t\t\t<div class=\"elementor-element elementor-element-c6bad95 vozEnOff animated-slow elementor-invisible elementor-widget elementor-widget-qi_addons_for_elementor_section_title\" data-id=\"c6bad95\" data-element_type=\"widget\" data-e-type=\"widget\" data-settings=\"{&quot;_animation&quot;:&quot;fadeIn&quot;}\" data-widget_type=\"qi_addons_for_elementor_section_title.default\">\n\t\t\t\t<div class=\"elementor-widget-container\">\n\t\t\t\t\t<div class=\"qodef-shortcode qodef-m qodef-qi-section-title qodef-decoration--italic qodef-link--underline-draw qodef-subtitle-icon--left\">\n\t\t\t\t\t\t\t\t<div class=\"qodef-m-text\"><p>I support people who live outside their country for work, studies, or other personal reasons. I assist <strong>expatriates<\/strong> in Spain, as well as to Spanish or Latin American people residing abroad, via online. I also offer emotional and professional support to <strong>international aid workers<\/strong> and third sector professionals on the ground, helping them to manage the impact of stress in complex contexts.\u00a0<\/p><p>I have experience working in social organizations related to mental health, migration, and refuge, assisting people from <strong>more than 80 nationalities,<\/strong> with very diverse stories, including some very traumatic situations. This experience, along with my work in private practice, allows me to support a wide variety of processes and to deal with complex situations.\u00a0<\/p><p>I have training in <strong>transcultural psychotherapy<\/strong> and personal experience in migration processes, in addition to a bicultural family. This allows me to understand more closely what it means to live between cultures: the challenges of adaptation, the feeling of belonging, the grief associated with migration, and the richness of building identity in transit.<\/p><p>I also support family members of people who frequently move between countries\u2014such as diplomats, expatriates, or aid workers\u2014who go through their own often invisible processes of adaptation. In addition, I work with <strong>multicultural couples and families<\/strong> who wish to better understand their cultural differences, improve communication, and strengthen their coexistence.<\/p><p><em>I offer services in Spanish and English. If your primary language is another, we can work with an interpreter.<\/em><\/p><p><em>Sessions in English or with an interpreter will have an adjusted rate.<\/em><\/p><\/div>\n\t<\/div>\n\t\t\t\t<\/div>\n\t\t\t\t<\/div>\n\t\t\t\t<div class=\"elementor-element elementor-element-72c8347 elementor-widget elementor-widget-image\" data-id=\"72c8347\" data-element_type=\"widget\" data-e-type=\"widget\" data-widget_type=\"image.default\">\n\t\t\t\t<div class=\"elementor-widget-container\">\n\t\t\t\t\t\t\t\t\t\t\t\t\t\t\t<img fetchpriority=\"high\" decoding=\"async\" width=\"2560\" height=\"1708\" src=\"https:\/\/linahuertaspsicologa.com\/wp-content\/smush-webp\/2025\/10\/vista-posterior-del-grupo-de-mochileros-pie-scaled.jpg.webp\" class=\"attachment-full size-full wp-image-1712\" alt=\"\" srcset=\"https:\/\/linahuertaspsicologa.com\/wp-content\/smush-webp\/2025\/10\/vista-posterior-del-grupo-de-mochileros-pie-scaled.jpg.webp 2560w, https:\/\/linahuertaspsicologa.com\/wp-content\/smush-webp\/2025\/10\/vista-posterior-del-grupo-de-mochileros-pie-300x200.jpg.webp 300w, https:\/\/linahuertaspsicologa.com\/wp-content\/smush-webp\/2025\/10\/vista-posterior-del-grupo-de-mochileros-pie-1024x683.jpg.webp 1024w, https:\/\/linahuertaspsicologa.com\/wp-content\/smush-webp\/2025\/10\/vista-posterior-del-grupo-de-mochileros-pie-768x513.jpg.webp 768w, https:\/\/linahuertaspsicologa.com\/wp-content\/smush-webp\/2025\/10\/vista-posterior-del-grupo-de-mochileros-pie-1536x1025.jpg.webp 1536w, https:\/\/linahuertaspsicologa.com\/wp-content\/smush-webp\/2025\/10\/vista-posterior-del-grupo-de-mochileros-pie-2048x1367.jpg.webp 2048w\" sizes=\"(max-width: 2560px) 100vw, 2560px\" data-smush-webp-fallback=\"{&quot;src&quot;:&quot;https:\\\/\\\/linahuertaspsicologa.com\\\/wp-content\\\/uploads\\\/2025\\\/10\\\/vista-posterior-del-grupo-de-mochileros-pie-scaled.jpg&quot;,&quot;srcset&quot;:&quot;https:\\\/\\\/linahuertaspsicologa.com\\\/wp-content\\\/uploads\\\/2025\\\/10\\\/vista-posterior-del-grupo-de-mochileros-pie-scaled.jpg 2560w, https:\\\/\\\/linahuertaspsicologa.com\\\/wp-content\\\/uploads\\\/2025\\\/10\\\/vista-posterior-del-grupo-de-mochileros-pie-300x200.jpg 300w, https:\\\/\\\/linahuertaspsicologa.com\\\/wp-content\\\/uploads\\\/2025\\\/10\\\/vista-posterior-del-grupo-de-mochileros-pie-1024x683.jpg 1024w, https:\\\/\\\/linahuertaspsicologa.com\\\/wp-content\\\/uploads\\\/2025\\\/10\\\/vista-posterior-del-grupo-de-mochileros-pie-768x513.jpg 768w, https:\\\/\\\/linahuertaspsicologa.com\\\/wp-content\\\/uploads\\\/2025\\\/10\\\/vista-posterior-del-grupo-de-mochileros-pie-1536x1025.jpg 1536w, https:\\\/\\\/linahuertaspsicologa.com\\\/wp-content\\\/uploads\\\/2025\\\/10\\\/vista-posterior-del-grupo-de-mochileros-pie-2048x1367.jpg 2048w&quot;}\" \/>\t\t\t\t\t\t\t\t\t\t\t\t\t\t\t<\/div>\n\t\t\t\t<\/div>\n\t\t\t\t<div class=\"elementor-element elementor-element-9787faa vozEnOff animated-slow elementor-invisible elementor-widget elementor-widget-qi_addons_for_elementor_section_title\" data-id=\"9787faa\" data-element_type=\"widget\" data-e-type=\"widget\" data-settings=\"{&quot;_animation&quot;:&quot;fadeIn&quot;}\" data-widget_type=\"qi_addons_for_elementor_section_title.default\">\n\t\t\t\t<div class=\"elementor-widget-container\">\n\t\t\t\t\t<div class=\"qodef-shortcode qodef-m qodef-qi-section-title qodef-decoration--italic qodef-link--underline-draw qodef-subtitle-icon--left\">\n\t\t\t\t<h5 class=\"qodef-m-subtitle\">\n\t\tTestimonials\t\t\t<\/h5>\n\t\t\t<h4 class=\"qodef-m-title\">\n\t\tThese testimonials reflect the opinion of some of the people I have worked with:\t<\/h4>\n\t\t\t<\/div>\n\t\t\t\t<\/div>\n\t\t\t\t<\/div>\n\t\t\t\t<div class=\"elementor-element elementor-element-7ec62ba elementor-arrows-yes elementor-pagination-type-bullets elementor-review--has-separator elementor--star-style-star_fontawesome elementor-widget elementor-widget-reviews\" data-id=\"7ec62ba\" data-element_type=\"widget\" data-e-type=\"widget\" data-settings=\"{&quot;space_between&quot;:{&quot;unit&quot;:&quot;px&quot;,&quot;size&quot;:0,&quot;sizes&quot;:[]},&quot;show_arrows&quot;:&quot;yes&quot;,&quot;pagination&quot;:&quot;bullets&quot;,&quot;speed&quot;:500,&quot;autoplay&quot;:&quot;yes&quot;,&quot;autoplay_speed&quot;:5000,&quot;loop&quot;:&quot;yes&quot;,&quot;pause_on_hover&quot;:&quot;yes&quot;,&quot;pause_on_interaction&quot;:&quot;yes&quot;,&quot;space_between_tablet&quot;:{&quot;unit&quot;:&quot;px&quot;,&quot;size&quot;:10,&quot;sizes&quot;:[]},&quot;space_between_mobile&quot;:{&quot;unit&quot;:&quot;px&quot;,&quot;size&quot;:10,&quot;sizes&quot;:[]}}\" data-widget_type=\"reviews.default\">\n\t\t\t\t<div class=\"elementor-widget-container\">\n\t\t\t\t\t\t\t\t\t<div class=\"elementor-swiper\">\n\t\t\t\t\t<div class=\"elementor-main-swiper swiper\" role=\"region\" aria-roledescription=\"carousel\" aria-label=\"Slides\">\n\t\t\t\t<div class=\"swiper-wrapper\">\n\t\t\t\t\t\t\t\t\t\t\t<div class=\"swiper-slide\" role=\"group\" aria-roledescription=\"slide\">\n\t\t\t\t\t\t\t\t\t<div class=\"elementor-testimonial elementor-repeater-item-b5da180\">\n\t\t\t\t\t\t\t<div class=\"elementor-testimonial__header\">\n\t\t\t\t\t\t\t\t\t\t<cite class=\"elementor-testimonial__cite\"><span class=\"elementor-testimonial__name\">Daniel Z.<\/span><\/cite>\t\t\t\t\t<div class=\"elementor-testimonial__icon elementor-icon elementor-icon-\" aria-label=\"Read More\" data-no-translation-aria-label=\"\"><\/div>\t\t\t\t<\/div>\n\t\t\t\t\t\t\t\t\t\t<div class=\"elementor-testimonial__content\">\n\t\t\t\t\t<div class=\"elementor-testimonial__text\">\n\t\t\t\t\t\t\u201cLina\u2019s specialization in immigration psychology really caught my attention, since I\u2019m Spanish and have lived abroad almost my entire life. Lina is a psychologist who has helped me tremendously to understand how my experiences in different countries during my formative years have transformed me as a person. She not only put into perspective things I had taken for granted for a long time, but also helped me confront other issues that had been troubling me for a while. I definitely recommend her, as she is both professional and empathetic.\u201d\t\t\t\t\t<\/div>\n\t\t\t\t<\/div>\n\t\t\t\t\t<\/div>\n\t\t\t\t\t\t\t\t<\/div>\n\t\t\t\t\t\t\t\t\t\t\t<div class=\"swiper-slide\" role=\"group\" aria-roledescription=\"slide\">\n\t\t\t\t\t\t\t\t\t<div class=\"elementor-testimonial elementor-repeater-item-6d15bc2\">\n\t\t\t\t\t\t\t<div class=\"elementor-testimonial__header\">\n\t\t\t\t\t\t\t\t\t\t<cite class=\"elementor-testimonial__cite\"><span class=\"elementor-testimonial__name\">Alejandra M.<\/span><\/cite>\t\t\t\t\t<div class=\"elementor-testimonial__icon elementor-icon elementor-icon-\" aria-label=\"Read More\" data-no-translation-aria-label=\"\"><\/div>\t\t\t\t<\/div>\n\t\t\t\t\t\t\t\t\t\t<div class=\"elementor-testimonial__content\">\n\t\t\t\t\t<div class=\"elementor-testimonial__text\">\n\t\t\t\t\t\t\u201cAs someone who speaks both English and Spanish, but communicates better in English (especially for personal and complex topics), being able to speak with Lina in English has been a huge help. Since I live in the United States, Lina has seen me virtually, but that hasn&#039;t been a barrier to a very special connection. Her priority is always my comfort, and it truly feels like a space where I can be myself.\u201d\t\t\t\t\t<\/div>\n\t\t\t\t<\/div>\n\t\t\t\t\t<\/div>\n\t\t\t\t\t\t\t\t<\/div>\n\t\t\t\t\t\t\t\t\t\t\t<div class=\"swiper-slide\" role=\"group\" aria-roledescription=\"slide\">\n\t\t\t\t\t\t\t\t\t<div class=\"elementor-testimonial elementor-repeater-item-081fdce\">\n\t\t\t\t\t\t\t<div class=\"elementor-testimonial__header\">\n\t\t\t\t\t\t\t\t\t\t<cite class=\"elementor-testimonial__cite\"><span class=\"elementor-testimonial__name\">Isa S.<\/span><\/cite>\t\t\t\t\t<div class=\"elementor-testimonial__icon elementor-icon elementor-icon-\" aria-label=\"Read More\" data-no-translation-aria-label=\"\"><\/div>\t\t\t\t<\/div>\n\t\t\t\t\t\t\t\t\t\t<div class=\"elementor-testimonial__content\">\n\t\t\t\t\t<div class=\"elementor-testimonial__text\">\n\t\t\t\t\t\t\"&quot;I&#039;ve felt very supported and cared for. I know you were always thinking of the best methods to help me. I also feel safe knowing I can request an appointment whenever I feel I need it.  \n<br><br>\n\"&quot;I have felt a lot of support and care from you. I know you are always looking for the best techniques to help me. And it also gives me a lot of reassurance to know that I can request an appointment whenever I feel I need one.&quot;\u201d\t\t\t\t\t<\/div>\n\t\t\t\t<\/div>\n\t\t\t\t\t<\/div>\n\t\t\t\t\t\t\t\t<\/div>\n\t\t\t\t\t\t\t\t\t<\/div>\n\t\t\t\t\t\t\t\t\t\t\t\t\t\t\t<div class=\"elementor-swiper-button elementor-swiper-button-prev\" role=\"button\" tabindex=\"0\" aria-label=\"Previous\" data-no-translation-aria-label=\"\">\n\t\t\t\t\t\t\t<svg aria-hidden=\"true\" class=\"e-font-icon-svg e-eicon-chevron-left\" viewbox=\"0 0 1000 1000\" xmlns=\"http:\/\/www.w3.org\/2000\/svg\"><path d=\"M646 125C629 125 613 133 604 142L308 442C296 454 292 471 292 487 292 504 296 521 308 533L604 854C617 867 629 875 646 875 663 875 679 871 692 858 704 846 713 829 713 812 713 796 708 779 692 767L438 487 692 225C700 217 708 204 708 187 708 171 704 154 692 142 675 129 663 125 646 125Z\"><\/path><\/svg>\t\t\t\t\t\t<\/div>\n\t\t\t\t\t\t<div class=\"elementor-swiper-button elementor-swiper-button-next\" role=\"button\" tabindex=\"0\" aria-label=\"Next\" data-no-translation-aria-label=\"\">\n\t\t\t\t\t\t\t<svg aria-hidden=\"true\" class=\"e-font-icon-svg e-eicon-chevron-right\" viewbox=\"0 0 1000 1000\" xmlns=\"http:\/\/www.w3.org\/2000\/svg\"><path d=\"M696 533C708 521 713 504 713 487 713 471 708 454 696 446L400 146C388 133 375 125 354 125 338 125 325 129 313 142 300 154 292 171 292 187 292 204 296 221 308 233L563 492 304 771C292 783 288 800 288 817 288 833 296 850 308 863 321 871 338 875 354 875 371 875 388 867 400 854L696 533Z\"><\/path><\/svg>\t\t\t\t\t\t<\/div>\n\t\t\t\t\t\t\t\t\t\t\t\t\t\t\t\t<div class=\"swiper-pagination\"><\/div>\n\t\t\t\t\t\t\t\t\t\t\t\t<\/div>\n\t\t\t\t<\/div>\n\t\t\t\t\t\t\t\t<\/div>\n\t\t\t\t<\/div>\n\t\t\t\t\t<\/div>\n\t\t<\/div>\n\t\t\t\t\t<\/div>\n\t\t<\/section>\n\t\t\t\t<section class=\"elementor-section elementor-top-section elementor-element elementor-element-4ddec003 elementor-section-full_width elementor-section-stretched elementor-section-height-default elementor-section-height-default qodef-elementor-content-no\" data-id=\"4ddec003\" data-element_type=\"section\" data-e-type=\"section\" data-settings=\"{&quot;background_background&quot;:&quot;classic&quot;,&quot;stretch_section&quot;:&quot;section-stretched&quot;}\">\n\t\t\t\t\t\t\t<div class=\"elementor-background-overlay\"><\/div>\n\t\t\t\t\t\t\t<div class=\"elementor-container elementor-column-gap-default\">\n\t\t\t\t\t<div class=\"elementor-column elementor-col-100 elementor-top-column elementor-element elementor-element-2984068\" data-id=\"2984068\" data-element_type=\"column\" data-e-type=\"column\">\n\t\t\t<div class=\"elementor-widget-wrap elementor-element-populated\">\n\t\t\t\t\t\t<div class=\"elementor-element elementor-element-475f3a9 elementor-widget elementor-widget-qi_addons_for_elementor_section_title\" data-id=\"475f3a9\" data-element_type=\"widget\" data-e-type=\"widget\" data-widget_type=\"qi_addons_for_elementor_section_title.default\">\n\t\t\t\t<div class=\"elementor-widget-container\">\n\t\t\t\t\t<div class=\"qodef-shortcode qodef-m qodef-qi-section-title qodef-decoration--italic qodef-link--underline-draw qodef-subtitle-icon--left\">\n\t\t\t\t<h6 class=\"qodef-m-subtitle\">\n\t\tYour well-being also deserves priority.\t\t\t<\/h6>\n\t\t\t<h2 class=\"qodef-m-title\">\n\t\tThis can be your moment to take care of yourself and connect more with yourself.\t<\/h2>\n\t\t\t\t<div class=\"qodef-m-button qodef-qi-clear\">\n\t\t<a class=\"qodef-shortcode qodef-m qodef-qi-button qodef-html--link qodef-layout--filled qodef-type--standard qodef-icon--right qodef-hover--icon-move-horizontal-short\" href=\"https:\/\/linahuertaspsicologa.com\/en\/contact\/\" target=\"_self\">\t<span class=\"qodef-m-text\">Contact Us Now<\/span>\t<\/a>\t<\/div>\n<\/div>\n\t\t\t\t<\/div>\n\t\t\t\t<\/div>\n\t\t\t\t\t<\/div>\n\t\t<\/div>\n\t\t\t\t\t<\/div>\n\t\t<\/section>\n\t\t\t\t<\/div>","protected":false},"excerpt":{"rendered":"<p>\u201cAcompa\u00f1o a personas que viven entre diferentes culturas, expatriados, cooperantes y sus familias. Si lo necesitas atiendo en ingl\u00e9s\u201d Acompa\u00f1o a personas que viven fuera de su pa\u00eds por trabajo, estudios u otros motivos personales. Atiendo a expatriados en Espa\u00f1a, as\u00ed como a personas espa\u00f1olas o latinoamericanas que residen en el extranjero, v\u00eda online. Tambi\u00e9n [&hellip;]<\/p>\n","protected":false},"author":1,"featured_media":1712,"parent":1203,"menu_order":0,"comment_status":"closed","ping_status":"closed","template":"","meta":{"footnotes":""},"class_list":["post-1567","page","type-page","status-publish","has-post-thumbnail","hentry"],"_links":{"self":[{"href":"https:\/\/linahuertaspsicologa.com\/en\/wp-json\/wp\/v2\/pages\/1567","targetHints":{"allow":["GET"]}}],"collection":[{"href":"https:\/\/linahuertaspsicologa.com\/en\/wp-json\/wp\/v2\/pages"}],"about":[{"href":"https:\/\/linahuertaspsicologa.com\/en\/wp-json\/wp\/v2\/types\/page"}],"author":[{"embeddable":true,"href":"https:\/\/linahuertaspsicologa.com\/en\/wp-json\/wp\/v2\/users\/1"}],"replies":[{"embeddable":true,"href":"https:\/\/linahuertaspsicologa.com\/en\/wp-json\/wp\/v2\/comments?post=1567"}],"version-history":[{"count":0,"href":"https:\/\/linahuertaspsicologa.com\/en\/wp-json\/wp\/v2\/pages\/1567\/revisions"}],"up":[{"embeddable":true,"href":"https:\/\/linahuertaspsicologa.com\/en\/wp-json\/wp\/v2\/pages\/1203"}],"wp:featuredmedia":[{"embeddable":true,"href":"https:\/\/linahuertaspsicologa.com\/en\/wp-json\/wp\/v2\/media\/1712"}],"wp:attachment":[{"href":"https:\/\/linahuertaspsicologa.com\/en\/wp-json\/wp\/v2\/media?parent=1567"}],"curies":[{"name":"wp","href":"https:\/\/api.w.org\/{rel}","templated":true}]}}